{"id":3,"date":"2025-02-13T16:00:41","date_gmt":"2025-02-13T15:00:41","guid":{"rendered":"https:\/\/www.montexbau.eu\/?page_id=3"},"modified":"2025-03-27T11:04:03","modified_gmt":"2025-03-27T10:04:03","slug":"ochrana-osobnich-udaju","status":"publish","type":"page","link":"https:\/\/www.montexbau.eu\/cs\/ochrana-osobnich-udaju\/","title":{"rendered":"Z\u00e1sady ochrany osobn\u00edch \u00fadaj\u016f"},"content":{"rendered":"\t\t<div data-elementor-type=\"wp-page\" data-elementor-id=\"3\" class=\"elementor elementor-3\" data-elementor-post-type=\"page\">\n\t\t\t\t<div class=\"elementor-element elementor-element-304b077 e-flex e-con-boxed e-con e-parent\" data-id=\"304b077\" data-element_type=\"container\" data-e-type=\"container\" data-settings=\"{&quot;background_background&quot;:&quot;classic&quot;}\">\n\t\t\t\t\t<div class=\"e-con-inner\">\n\t\t<div class=\"elementor-element elementor-element-0518555 e-grid e-con-boxed e-con e-child\" data-id=\"0518555\" data-element_type=\"container\" data-e-type=\"container\">\n\t\t\t\t\t<div class=\"e-con-inner\">\n\t\t\t\t<div class=\"elementor-element elementor-element-9cb37a0 elementor-widget elementor-widget-text-editor\" data-id=\"9cb37a0\" data-element_type=\"widget\" data-e-type=\"widget\" data-widget_type=\"text-editor.default\">\n\t\t\t\t<div class=\"elementor-widget-container\">\n\t\t\t\t\t\t\t\t\t<p>Souhlas se zpracov\u00e1n\u00edm osobn\u00edch \u00fadaj\u016f ud\u011blujete:<\/p><p><strong>Subjekt<\/strong>: MontexBau s.r.o.<br \/><strong>S\u00eddlo<\/strong>: Chebsk\u00e1 38\/5, Dvory, 360&nbsp;06 Karlovy Vary<br \/><strong>I\u010cO<\/strong>: 19449755<br \/><strong>Pr\u00e1vn\u00ed forma<\/strong>: Spole\u010dnost s&nbsp;r.o.<\/p><p>aby v&nbsp;souladu se z\u00e1konem o&nbsp;ochran\u011b osobn\u00edch \u00fadaj\u016f a&nbsp;na\u0159\u00edzen\u00ed GDPR zpracov\u00e1vala jako spr\u00e1vce osobn\u00ed \u00fadaje dle podm\u00ednek n\u00ed\u017ee.<\/p>\t\t\t\t\t\t\t\t<\/div>\n\t\t\t\t<\/div>\n\t\t\t\t<div class=\"elementor-element elementor-element-7c1e81c elementor-widget elementor-widget-text-editor\" data-id=\"7c1e81c\" data-element_type=\"widget\" data-e-type=\"widget\" data-widget_type=\"text-editor.default\">\n\t\t\t\t<div class=\"elementor-widget-container\">\n\t\t\t\t\t\t\t\t\t<p>P\u0159i nakl\u00e1d\u00e1n\u00ed s&nbsp;osobn\u00edmi \u00fadaji postupujeme v&nbsp;souladu s&nbsp;pr\u00e1vn\u00edm \u0159\u00e1dem \u010cesk\u00e9 republiky a&nbsp;p\u0159\u00edmo pou\u017eiteln\u00fdmi p\u0159edpisy Evropsk\u00e9 unie, zejm\u00e9na se z\u00e1konem \u010d.&nbsp;110\/2019 Sb., o&nbsp;zpracov\u00e1n\u00ed osobn\u00edch \u00fadaj\u016f, ve zn\u011bn\u00ed pozd\u011bj\u0161\u00edch p\u0159edpis\u016f, z\u00e1konem \u010d.&nbsp;480\/2004 Sb. a&nbsp;v&nbsp;souladu s&nbsp;ustanoven\u00edm \u010dl. 13 Na\u0159\u00edzen\u00ed Evropsk\u00e9ho parlamentu a&nbsp;Rady (EU) \u010d.&nbsp;2016\/679 ze dne 27.&nbsp;dubna 2016, obecn\u00e9ho na\u0159\u00edzen\u00ed o&nbsp;ochran\u011b osobn\u00edch \u00fadaj\u016f o&nbsp;n\u011bkter\u00fdch slu\u017eb\u00e1ch informa\u010dn\u00ed spole\u010dnosti a&nbsp;o&nbsp;zm\u011bn\u011b n\u011bkter\u00fdch z\u00e1kon\u016f, ve zn\u011bn\u00ed pozd\u011bj\u0161\u00edch p\u0159edpis\u016f.<\/p>\n<p>V n\u00e1sleduj\u00edc\u00edch \u0159\u00e1dc\u00edch v\u00e1m p\u0159ibl\u00ed\u017e\u00edme, jak\u00fdm zp\u016fsobem a&nbsp;za jak\u00fdm \u00fa\u010delem zpracov\u00e1v\u00e1me va\u0161e osobn\u00ed \u00fadaje a&nbsp;kdo mohou b\u00fdt jejich zpracovatel\u00e9. Tyto informace jsou d\u016fle\u017eit\u00e9, proto douf\u00e1me, \u017ee si najdete \u010das a&nbsp;pe\u010dliv\u011b si v\u0161e p\u0159e\u010dtete.<\/p>\t\t\t\t\t\t\t\t<\/div>\n\t\t\t\t<\/div>\n\t\t\t\t\t<\/div>\n\t\t\t\t<\/div>\n\t\t\t\t<div class=\"elementor-element elementor-element-b86052b elementor-widget elementor-widget-text-editor\" data-id=\"b86052b\" data-element_type=\"widget\" data-e-type=\"widget\" data-widget_type=\"text-editor.default\">\n\t\t\t\t<div class=\"elementor-widget-container\">\n\t\t\t\t\t\t\t\t\t<h2>Jak\u00e9 \u00fadaje jako spr\u00e1vci zpracov\u00e1v\u00e1me?<\/h2><h3>Vypln\u011bn\u00ed formul\u00e1\u0159e<\/h3><ul><li>Jm\u00e9no a\u00a0p\u0159\u00edjmen\u00ed<\/li><li>Telefonn\u00ed \u010d\u00edslo<\/li><li>E-mailov\u00e1 adresa<\/li><\/ul><h3>Kdy nen\u00ed pot\u0159eba d\u00e1vat souhlas se zpracov\u00e1n\u00edm osobn\u00edch \u00fadaj\u016f?<\/h3><p>Osobn\u00ed \u00fadaje m\u016f\u017eeme zpracov\u00e1vat i\u00a0bez va\u0161eho souhlasu pouze za t\u011bmito \u00fa\u010dely:<\/p><ul><li><b><strong>Pln\u011bn\u00ed smlouvy jej\u00edm\u017e p\u0159edm\u011btem je poskytnut\u00ed slu\u017eby nebo produktu<\/strong><\/b><\/li><li><b><strong>Pln\u011bn\u00ed pr\u00e1vn\u00edch povinnost\u00ed<\/strong><\/b>, kter\u00e9 pro n\u00e1s vypl\u00fdvaj\u00ed z\u00a0obecn\u011b z\u00e1vazn\u00fdch pr\u00e1vn\u00edch p\u0159edpis\u016f.<\/li><li>Zpracov\u00e1n\u00ed v\u00a0r\u00e1mci\u00a0<b><strong>opr\u00e1vn\u011bn\u00e9ho z\u00e1jmu<\/strong><\/b>\u00a0(nap\u0159.&nbsp;k\u00a0p\u0159\u00edm\u00e9mu marketingu, zaji\u0161t\u011bn\u00ed bezpe\u010dnosti a\u00a0ochrany \u017eivota).<\/li><\/ul><h3>Za jak\u00fdm \u00fa\u010delem osobn\u00ed \u00fadaje spravujeme a\u00a0jak dlouho?<\/h3><p>\u00dadaje mohou b\u00fdt vyu\u017eity k\u00a0obchodn\u00edm a\u00a0marketingov\u00fdm \u00fa\u010del\u016fm, tj.&nbsp;k\u00a0veden\u00ed datab\u00e1ze u\u017eivatel\u016f webov\u00e9 str\u00e1nky a\u00a0k\u00a0nab\u00edzen\u00ed zbo\u017e\u00ed a\u00a0slu\u017eeb, a\u00a0to po&nbsp;dobu trv\u00e1n\u00ed pr\u00e1vn\u00edho d\u016fvodu pro tento zp\u016fsob zpracov\u00e1n\u00ed a\u00a0vyu\u017eit\u00ed osobn\u00edch a\u00a0dal\u0161\u00edch \u00fadaj\u016f. Jin\u00fdmi slovy\u00a0Va\u0161e osobn\u00ed \u00fadaje shroma\u017e\u010fujeme za \u00fa\u010delem mo\u017enosti vyu\u017e\u00edvat na\u0161e slu\u017eby a\u00a0informovat v\u00e1s o\u00a0novink\u00e1ch. P\u0159e\u010dt\u011bte si v\u00edce, za jak\u00fdm \u00fa\u010delem spravujeme jednotliv\u00e9 \u00fadaje podle m\u00edsta jejich vypln\u011bn\u00ed.<\/p><p><b><strong>Vypln\u011bn\u00ed formul\u00e1\u0159e<\/strong><\/b>\u00a0\u2013 Osobn\u00ed \u00fadaje zadan\u00e9 p\u0159i&nbsp;vypln\u011bn\u00ed formul\u00e1\u0159ov\u00e9ho souhlasu zpracov\u00e1vat za \u00fa\u010delem pln\u011bn\u00ed smlouvy, tedy za \u00fa\u010delem dod\u00e1n\u00ed zbo\u017e\u00ed nebo poskytnut\u00ed slu\u017eby. D\u00e1le m\u016f\u017eeme tyto \u00fadaje zpracov\u00e1vat za \u00fa\u010delem spln\u011bn\u00ed na\u0161ich z\u00e1konem stanoven\u00fdch povinnost\u00ed (zejm\u00e9na eviden\u010dn\u00ed povinnosti, archivace da\u0148ov\u00fdch doklad\u016f apod.) a\u00a0pro \u00fa\u010dely ochrany na\u0161ich pr\u00e1vn\u00edch n\u00e1rok\u016f.<\/p><p><b><strong>Identifika\u010dn\u00ed a\u00a0adresn\u00ed \u00fadaje<\/strong><\/b>\u00a0m\u016f\u017eeme vyu\u017e\u00edt v\u00a0souladu s\u00a0tzv. opr\u00e1vn\u011bn\u00fdm z\u00e1jmem\u00a0pro tvorbu intern\u00edch statistik. Anonymizovan\u00e9 v\u00fdstupy z\u00a0t\u011bchto statistik vyu\u017e\u00edv\u00e1me za \u00fa\u010delem zlep\u0161ov\u00e1n\u00ed na\u0161ich slu\u017eeb v\u010detn\u011b anal\u00fdzy chov\u00e1n\u00ed u\u017eivatel\u016f a\u00a0marketingu.<\/p><p><b><strong>Osobn\u00ed \u00fadaje z\u00edskan\u00e9\u00a0prost\u0159ednictv\u00edm soubor\u016f cookies<\/strong><\/b>\u00a0zpracov\u00e1v\u00e1me na z\u00e1klad\u011b va\u0161eho souhlasu (kter\u00fd m\u016f\u017eete ud\u011blit potvrzen\u00edm na webov\u00e9m rozhran\u00ed pot\u00e9, co jste byli na pou\u017e\u00edv\u00e1n\u00ed cookies upozorn\u011bni a\u00a0m\u011bli jste mo\u017enost sezn\u00e1mit se s\u00a0t\u011bmito Z\u00e1sadami). Osobn\u00ed \u00fadaje z\u00edsk\u00e1van\u00e9 prost\u0159ednictv\u00edm soubor\u016f cookies jsme opr\u00e1vn\u011bni zpracov\u00e1vat i\u00a0v\u00a0p\u0159\u00edpad\u011b, \u017ee d\u00e1le u\u017e\u00edv\u00e1te webov\u00e9 rozhran\u00ed i\u00a0pot\u00e9, co jste byli na zpracov\u00e1n\u00ed t\u011bchto osobn\u00edch \u00fadaj\u016f upozorn\u011bni. Osobn\u00ed \u00fadaje z\u00edskan\u00e9 prost\u0159ednictv\u00edm soubor\u016f cookies vyu\u017e\u00edv\u00e1me pro \u00fa\u010dely\u00a0prov\u00e1d\u011bn\u00ed u\u017eivatelsk\u00e9 podpory, zlep\u0161ov\u00e1n\u00ed na\u0161ich slu\u017eeb v\u010detn\u011b anal\u00fdzy chov\u00e1n\u00ed u\u017eivatel\u016f a\u00a0marketingu.<\/p><p>Ve\u0161ker\u00e9 poskytnut\u00e9 osobn\u00ed \u00fadaje za v\u00fd\u0161e uveden\u00fdmi \u00fa\u010dely jsou poskytovan\u00e9 zcela dobrovoln\u011b a&nbsp;vyj\u00e1d\u0159en\u00edm jejich souhlasu prob\u00edh\u00e1 pomoc\u00ed aktivn\u00ed interakce (za\u0161krtnut\u00ed) pol\u00ed\u010dka se souhlasem pro jejich zpracov\u00e1n\u00ed nebo na z\u00e1klad\u011b opr\u00e1vn\u011bn\u00e9ho z\u00e1jmu. Zpracov\u00e1n\u00ed \u00fadaj\u016f za t\u00edmto m\u016f\u017eete kdykoliv odvolat prost\u0159ednictv\u00edm e-mailu.<\/p><h3>Jak\u00e1 jsou moje pr\u00e1va v\u00a0souvislosti s\u00a0ochranou osobn\u00edch \u00fadaj\u016f?<\/h3><ul><li>Po\u017eadovat po&nbsp;n\u00e1s informaci, kter\u00e9 Va\u0161e osobn\u00ed \u00fadaje zpracov\u00e1v\u00e1me.<\/li><li>Po\u017eadovat po&nbsp;n\u00e1s vysv\u011btlen\u00ed ohledn\u011b zpracov\u00e1n\u00ed osobn\u00edch \u00fadaj\u016f.<\/li><li>Vy\u017e\u00e1dat si u\u00a0n\u00e1s p\u0159\u00edstup k\u00a0t\u011bmto \u00fadaj\u016fm a\u00a0tyto nechat aktualizovat nebo opravit.<\/li><li>Po\u017eadovat po&nbsp;n\u00e1s v\u00fdmaz t\u011bchto osobn\u00edch \u00fadaj\u016f.<\/li><li>Po\u017eadovat p\u0159enesen\u00ed \u00fadaj\u016f.<\/li><li>Pr\u00e1vo b\u00fdt informov\u00e1n o\u00a0poru\u0161en\u00ed zabezpe\u010den\u00ed osobn\u00edch \u00fadaj\u016f v\u00a0ur\u010dit\u00fdch p\u0159\u00edpadech.<\/li><\/ul><p>M\u016f\u017eete kdykoliv podat st\u00ed\u017enost t\u00fdkaj\u00edc\u00ed se zpracov\u00e1n\u00ed va\u0161ich osobn\u00edch \u00fadaj\u016f nebo nepln\u011bn\u00ed povinnost\u00ed spr\u00e1vce plynouc\u00edch z\u00a0GDPR k\u00a0dozorov\u00e9mu \u00fa\u0159adu. Dozorov\u00fdm \u00fa\u0159adem je v\u00a0\u010cR \u00da\u0159ad pro ochranu osobn\u00edch \u00fadaj\u016f, se s\u00eddlem Pplk. Sochora 27, 170\u00a000 Praha 7,\u00a0<a href=\"http:\/\/www.uoou.cz\/\" target=\"_blank\" rel=\"noopener\">www.uoou.cz<\/a>.<\/p><h3>Aktualizace z\u00e1sad pro ochranu osobn\u00edch \u00fadaj\u016f<\/h3><p>Pr\u016fb\u011b\u017en\u011b m\u016f\u017eeme Z\u00e1sady ochrany osobn\u00edch \u00fadaj\u016f upravovat \u010di&nbsp;aktualizovat. Jak\u00e9koliv zm\u011bny t\u011bchto Z\u00e1sad ochrany osobn\u00edch \u00fadaj\u016f se stanou \u00fa\u010dinn\u00fdmi po&nbsp;jejich zve\u0159ejn\u011bn\u00ed na t\u00e9to str\u00e1nce.<\/p><p>Tyto podm\u00ednky nab\u00fdvaj\u00ed \u00fa\u010dinnosti dnem 01.&nbsp;01.&nbsp;2025.<\/p>\t\t\t\t\t\t\t\t<\/div>\n\t\t\t\t<\/div>\n\t\t\t\t\t<\/div>\n\t\t\t\t<\/div>\n\t\t\t\t<\/div>\n\t\t","protected":false},"excerpt":{"rendered":"<p>Souhlas se zpracov\u00e1n\u00edm osobn\u00edch \u00fadaj\u016f ud\u011blujete: Subjekt: MontexBau s.r.o.S\u00eddlo: Chebsk\u00e1 38\/5, Dvory, 360&nbsp;06 Karlovy VaryI\u010cO: 19449755Pr\u00e1vn\u00ed forma: Spole\u010dnost s&nbsp;r.o. aby v&nbsp;souladu se z\u00e1konem o&nbsp;ochran\u011b osobn\u00edch \u00fadaj\u016f a&nbsp;na\u0159\u00edzen\u00ed GDPR zpracov\u00e1vala jako spr\u00e1vce osobn\u00ed \u00fadaje dle podm\u00ednek n\u00ed\u017ee. P\u0159i&nbsp;nakl\u00e1d\u00e1n\u00ed s&nbsp;osobn\u00edmi \u00fadaji postupujeme v&nbsp;souladu s&nbsp;pr\u00e1vn\u00edm \u0159\u00e1dem \u010cesk\u00e9 republiky a&nbsp;p\u0159\u00edmo pou\u017eiteln\u00fdmi p\u0159edpisy Evropsk\u00e9 unie, zejm\u00e9na se z\u00e1konem \u010d.&nbsp;110\/2019 [&hellip;]<\/p>\n","protected":false},"author":1,"featured_media":0,"parent":0,"menu_order":0,"comment_status":"closed","ping_status":"closed","template":"","meta":{"_acf_changed":false,"footnotes":""},"class_list":["post-3","page","type-page","status-publish","hentry"],"acf":[],"_links":{"self":[{"href":"https:\/\/www.montexbau.eu\/cs\/wp-json\/wp\/v2\/pages\/3","targetHints":{"allow":["GET"]}}],"collection":[{"href":"https:\/\/www.montexbau.eu\/cs\/wp-json\/wp\/v2\/pages"}],"about":[{"href":"https:\/\/www.montexbau.eu\/cs\/wp-json\/wp\/v2\/types\/page"}],"author":[{"embeddable":true,"href":"https:\/\/www.montexbau.eu\/cs\/wp-json\/wp\/v2\/users\/1"}],"replies":[{"embeddable":true,"href":"https:\/\/www.montexbau.eu\/cs\/wp-json\/wp\/v2\/comments?post=3"}],"version-history":[{"count":10,"href":"https:\/\/www.montexbau.eu\/cs\/wp-json\/wp\/v2\/pages\/3\/revisions"}],"predecessor-version":[{"id":1560,"href":"https:\/\/www.montexbau.eu\/cs\/wp-json\/wp\/v2\/pages\/3\/revisions\/1560"}],"wp:attachment":[{"href":"https:\/\/www.montexbau.eu\/cs\/wp-json\/wp\/v2\/media?parent=3"}],"curies":[{"name":"wp","href":"https:\/\/api.w.org\/{rel}","templated":true}]}}