{"id":62,"date":"2025-03-12T09:08:56","date_gmt":"2025-03-12T08:08:56","guid":{"rendered":"https:\/\/www.montexbau.eu\/?page_id=62"},"modified":"2025-11-12T13:03:41","modified_gmt":"2025-11-12T12:03:41","slug":"kariera","status":"publish","type":"page","link":"https:\/\/www.montexbau.eu\/cs\/kariera\/","title":{"rendered":"Kari\u00e9ra"},"content":{"rendered":"\t\t<div data-elementor-type=\"wp-page\" data-elementor-id=\"62\" class=\"elementor elementor-62\" data-elementor-post-type=\"page\">\n\t\t\t\t<div class=\"elementor-element elementor-element-e1ca05b e-con-full e-flex e-con e-parent\" data-id=\"e1ca05b\" data-element_type=\"container\" data-e-type=\"container\" data-settings=\"{&quot;background_background&quot;:&quot;classic&quot;}\">\n\t\t<div class=\"elementor-element elementor-element-6c36aba e-flex e-con-boxed e-con e-child\" data-id=\"6c36aba\" data-element_type=\"container\" data-e-type=\"container\">\n\t\t\t\t\t<div class=\"e-con-inner\">\n\t\t<div class=\"elementor-element elementor-element-08b6530 e-con-full e-flex e-con e-child\" data-id=\"08b6530\" data-element_type=\"container\" data-e-type=\"container\">\n\t\t\t\t<div class=\"elementor-element elementor-element-5b8f147 elementor-widget elementor-widget-heading\" data-id=\"5b8f147\" data-element_type=\"widget\" data-e-type=\"widget\" data-widget_type=\"heading.default\">\n\t\t\t\t<div class=\"elementor-widget-container\">\n\t\t\t\t\t<h1 class=\"elementor-heading-title elementor-size-default\">Kari\u00e9ra<\/h1>\t\t\t\t<\/div>\n\t\t\t\t<\/div>\n\t\t\t\t<\/div>\n\t\t<div class=\"elementor-element elementor-element-02e656a e-con-full e-flex e-con e-child\" data-id=\"02e656a\" data-element_type=\"container\" data-e-type=\"container\">\n\t\t\t\t<div class=\"elementor-element elementor-element-55c4981 elementor-widget elementor-widget-text-editor\" data-id=\"55c4981\" data-element_type=\"widget\" data-e-type=\"widget\" data-widget_type=\"text-editor.default\">\n\t\t\t\t<div class=\"elementor-widget-container\">\n\t\t\t\t\t\t\t\t\t<p>Sta\u0148te se sou\u010d\u00e1st\u00ed na\u0161eho t\u00fdmu! Na\u0161e stavebn\u00ed spole\u010dnost neust\u00e1le roste a&nbsp;pro realizaci nov\u00fdch a&nbsp;ambici\u00f3zn\u00edch projekt\u016f hled\u00e1me nad\u0161en\u00e9 a&nbsp;talentovan\u00e9 profesion\u00e1ly. Pokud tou\u017e\u00edte po&nbsp;stabiln\u00ed pr\u00e1ci v&nbsp;p\u0159\u00e1telsk\u00e9m a&nbsp;podporuj\u00edc\u00edm prost\u0159ed\u00ed, p\u0159idejte se k&nbsp;n\u00e1m!<\/p>\t\t\t\t\t\t\t\t<\/div>\n\t\t\t\t<\/div>\n\t\t\t\t<div class=\"elementor-element elementor-element-d139a98 elementor-invisible elementor-widget elementor-widget-n-accordion\" data-id=\"d139a98\" data-element_type=\"widget\" data-e-type=\"widget\" data-settings=\"{&quot;default_state&quot;:&quot;all_collapsed&quot;,&quot;_animation&quot;:&quot;fadeInUp&quot;,&quot;max_items_expended&quot;:&quot;one&quot;,&quot;n_accordion_animation_duration&quot;:{&quot;unit&quot;:&quot;ms&quot;,&quot;size&quot;:400,&quot;sizes&quot;:[]}}\" data-widget_type=\"nested-accordion.default\">\n\t\t\t\t<div class=\"elementor-widget-container\">\n\t\t\t\t\t\t\t<div class=\"e-n-accordion\" aria-label=\"Accordion. Open links with Enter or Space, close with Escape, and navigate with Arrow Keys\">\n\t\t\t\t\t\t<details id=\"e-n-accordion-item-2190\" class=\"e-n-accordion-item\" >\n\t\t\t\t<summary class=\"e-n-accordion-item-title\" data-accordion-index=\"1\" tabindex=\"0\" aria-expanded=\"false\" aria-controls=\"e-n-accordion-item-2190\" >\n\t\t\t\t\t<span class='e-n-accordion-item-title-header'><div class=\"e-n-accordion-item-title-text\"> HR n\u00e1bor\u00e1\u0159 <\/div><\/span>\n\t\t\t\t\t\t\t<span class='e-n-accordion-item-title-icon'>\n\t\t\t<span class='e-opened' ><svg xmlns=\"http:\/\/www.w3.org\/2000\/svg\" width=\"32\" height=\"32\" viewBox=\"0 0 32 32\" fill=\"none\"><circle cx=\"16\" cy=\"16\" r=\"16\" transform=\"matrix(1 0 0 -1 0 32)\" fill=\"#EFEFEF\"><\/circle><mask id=\"mask0_197_60\" style=\"mask-type:alpha\" maskUnits=\"userSpaceOnUse\" x=\"4\" y=\"4\" width=\"24\" height=\"24\"><rect x=\"4\" y=\"4\" width=\"24\" height=\"24\" fill=\"#1C2137\"><\/rect><\/mask><g mask=\"url(#mask0_197_60)\"><path d=\"M9 17H15H17H23V15H17H15H9V17Z\" fill=\"#4A96D2\"><\/path><\/g><\/svg><\/span>\n\t\t\t<span class='e-closed'><svg xmlns=\"http:\/\/www.w3.org\/2000\/svg\" width=\"32\" height=\"32\" viewBox=\"0 0 32 32\" fill=\"none\"><circle cx=\"16\" cy=\"16\" r=\"16\" transform=\"matrix(1 0 0 -1 0 32)\" fill=\"#EFEFEF\"><\/circle><mask id=\"mask0_161_2397\" style=\"mask-type:alpha\" maskUnits=\"userSpaceOnUse\" x=\"4\" y=\"4\" width=\"24\" height=\"24\"><rect x=\"4\" y=\"4\" width=\"24\" height=\"24\" fill=\"#1C2137\"><\/rect><\/mask><g mask=\"url(#mask0_161_2397)\"><path d=\"M15 17H9V15H15V9H17V15H23V17H17V23H15V17Z\" fill=\"#1C2137\"><\/path><\/g><\/svg><\/span>\n\t\t<\/span>\n\n\t\t\t\t\t\t<\/summary>\n\t\t\t\t<div role=\"region\" aria-labelledby=\"e-n-accordion-item-2190\" class=\"elementor-element elementor-element-cc2445d e-con-full e-flex e-con e-child\" data-id=\"cc2445d\" data-element_type=\"container\" data-e-type=\"container\">\n\t\t<div role=\"region\" aria-labelledby=\"e-n-accordion-item-2190\" class=\"elementor-element elementor-element-c517b8e e-flex e-con-boxed e-con e-child\" data-id=\"c517b8e\" data-element_type=\"container\" data-e-type=\"container\">\n\t\t\t\t\t<div class=\"e-con-inner\">\n\t\t\t\t<div class=\"elementor-element elementor-element-1cbdb19 elementor-widget elementor-widget-text-editor\" data-id=\"1cbdb19\" data-element_type=\"widget\" data-e-type=\"widget\" data-widget_type=\"text-editor.default\">\n\t\t\t\t<div class=\"elementor-widget-container\">\n\t\t\t\t\t\t\t\t\t<p>Jste komunikativn\u00ed a&nbsp;temperamentn\u00ed osobnost, kter\u00e1 se neboj\u00ed v\u00fdzev? Hled\u00e1me HR n\u00e1bor\u00e1\u0159e s&nbsp;prokazateln\u00fdmi zku\u0161enostmi v&nbsp;oboru, kter\u00fd zvl\u00e1dne pracovat ve svi\u017en\u00e9m tempu a&nbsp;nezalekne se v\u00fdzev.<\/p>\t\t\t\t\t\t\t\t<\/div>\n\t\t\t\t<\/div>\n\t\t\t\t<div class=\"elementor-element elementor-element-1539c26 elementor-widget elementor-widget-text-editor\" data-id=\"1539c26\" data-element_type=\"widget\" data-e-type=\"widget\" data-widget_type=\"text-editor.default\">\n\t\t\t\t<div class=\"elementor-widget-container\">\n\t\t\t\t\t\t\t\t\t<p>Chcete za\u010d\u00edt kari\u00e9ru u&nbsp;na\u0161\u00ed spole\u010dnosti?<\/p>\t\t\t\t\t\t\t\t<\/div>\n\t\t\t\t<\/div>\n\t\t\t\t<div class=\"elementor-element elementor-element-670d47a elementor-widget elementor-widget-text-editor\" data-id=\"670d47a\" data-element_type=\"widget\" data-e-type=\"widget\" data-widget_type=\"text-editor.default\">\n\t\t\t\t<div class=\"elementor-widget-container\">\n\t\t\t\t\t\t\t\t\t<p>Vypl\u0148te pros\u00edm po\u017eadovan\u00e9 \u00fadaje, <br \/>ozveme se v\u00e1m zp\u011bt.<\/p>\t\t\t\t\t\t\t\t<\/div>\n\t\t\t\t<\/div>\n\t\t\t\t<div class=\"elementor-element elementor-element-dce3275 elementor-widget elementor-widget-button\" data-id=\"dce3275\" data-element_type=\"widget\" data-e-type=\"widget\" data-widget_type=\"button.default\">\n\t\t\t\t<div class=\"elementor-widget-container\">\n\t\t\t\t\t\t\t\t\t<div class=\"elementor-button-wrapper\">\n\t\t\t\t\t<a class=\"elementor-button elementor-button-link elementor-size-sm\" href=\"#dotaznik\">\n\t\t\t\t\t\t<span class=\"elementor-button-content-wrapper\">\n\t\t\t\t\t\t\t\t\t<span class=\"elementor-button-text\">Vyplnit dotazn\u00edk<\/span>\n\t\t\t\t\t<\/span>\n\t\t\t\t\t<\/a>\n\t\t\t\t<\/div>\n\t\t\t\t\t\t\t\t<\/div>\n\t\t\t\t<\/div>\n\t\t\t\t\t<\/div>\n\t\t\t\t<\/div>\n\t\t\t\t<\/div>\n\t\t\t\t\t<\/details>\n\t\t\t\t\t\t<details id=\"e-n-accordion-item-2191\" class=\"e-n-accordion-item\" >\n\t\t\t\t<summary class=\"e-n-accordion-item-title\" data-accordion-index=\"2\" tabindex=\"-1\" aria-expanded=\"false\" aria-controls=\"e-n-accordion-item-2191\" >\n\t\t\t\t\t<span class='e-n-accordion-item-title-header'><div class=\"e-n-accordion-item-title-text\"> Stavbyvedouc\u00ed <\/div><\/span>\n\t\t\t\t\t\t\t<span class='e-n-accordion-item-title-icon'>\n\t\t\t<span class='e-opened' ><svg xmlns=\"http:\/\/www.w3.org\/2000\/svg\" width=\"32\" height=\"32\" viewBox=\"0 0 32 32\" fill=\"none\"><circle cx=\"16\" cy=\"16\" r=\"16\" transform=\"matrix(1 0 0 -1 0 32)\" fill=\"#EFEFEF\"><\/circle><mask id=\"mask0_197_60\" style=\"mask-type:alpha\" maskUnits=\"userSpaceOnUse\" x=\"4\" y=\"4\" width=\"24\" height=\"24\"><rect x=\"4\" y=\"4\" width=\"24\" height=\"24\" fill=\"#1C2137\"><\/rect><\/mask><g mask=\"url(#mask0_197_60)\"><path d=\"M9 17H15H17H23V15H17H15H9V17Z\" fill=\"#4A96D2\"><\/path><\/g><\/svg><\/span>\n\t\t\t<span class='e-closed'><svg xmlns=\"http:\/\/www.w3.org\/2000\/svg\" width=\"32\" height=\"32\" viewBox=\"0 0 32 32\" fill=\"none\"><circle cx=\"16\" cy=\"16\" r=\"16\" transform=\"matrix(1 0 0 -1 0 32)\" fill=\"#EFEFEF\"><\/circle><mask id=\"mask0_161_2397\" style=\"mask-type:alpha\" maskUnits=\"userSpaceOnUse\" x=\"4\" y=\"4\" width=\"24\" height=\"24\"><rect x=\"4\" y=\"4\" width=\"24\" height=\"24\" fill=\"#1C2137\"><\/rect><\/mask><g mask=\"url(#mask0_161_2397)\"><path d=\"M15 17H9V15H15V9H17V15H23V17H17V23H15V17Z\" fill=\"#1C2137\"><\/path><\/g><\/svg><\/span>\n\t\t<\/span>\n\n\t\t\t\t\t\t<\/summary>\n\t\t\t\t<div role=\"region\" aria-labelledby=\"e-n-accordion-item-2191\" class=\"elementor-element elementor-element-3d80890 e-con-full e-flex e-con e-child\" data-id=\"3d80890\" data-element_type=\"container\" data-e-type=\"container\">\n\t\t<div role=\"region\" aria-labelledby=\"e-n-accordion-item-2191\" class=\"elementor-element elementor-element-2f071b9 e-flex e-con-boxed e-con e-child\" data-id=\"2f071b9\" data-element_type=\"container\" data-e-type=\"container\">\n\t\t\t\t\t<div class=\"e-con-inner\">\n\t\t\t\t<div class=\"elementor-element elementor-element-e5593fe elementor-widget elementor-widget-text-editor\" data-id=\"e5593fe\" data-element_type=\"widget\" data-e-type=\"widget\" data-widget_type=\"text-editor.default\">\n\t\t\t\t<div class=\"elementor-widget-container\">\n\t\t\t\t\t\t\t\t\t<p>Pro na\u0161e projekty hled\u00e1me\u00a0stavbyvedouc\u00edho pro veden\u00ed a&nbsp;koordinaci v\u00fdstavby. Po\u017eadujeme vyu\u010den\u00ed ve stavebn\u00edm oboru, minim\u00e1ln\u011b 5 let praxe, znalost n\u011bmeck\u00e9ho jazyka a&nbsp;\u0159idi\u010dsk\u00fd pr\u016fkaz skupiny B. M\u00e1te-li chu\u0165 v\u00e9st t\u00fdm a&nbsp;aktivn\u011b se pod\u00edlet na \u00fasp\u011b\u0161n\u00e9m dokon\u010den\u00ed stavebn\u00edch projekt\u016f, pak hled\u00e1me pr\u00e1v\u011b v\u00e1s!\u00a0<\/p>\t\t\t\t\t\t\t\t<\/div>\n\t\t\t\t<\/div>\n\t\t\t\t<div class=\"elementor-element elementor-element-5ace989 elementor-widget elementor-widget-text-editor\" data-id=\"5ace989\" data-element_type=\"widget\" data-e-type=\"widget\" data-widget_type=\"text-editor.default\">\n\t\t\t\t<div class=\"elementor-widget-container\">\n\t\t\t\t\t\t\t\t\t<p>Chcete za\u010d\u00edt kari\u00e9ru u&nbsp;na\u0161\u00ed spole\u010dnosti?<\/p>\t\t\t\t\t\t\t\t<\/div>\n\t\t\t\t<\/div>\n\t\t\t\t<div class=\"elementor-element elementor-element-fad2d09 elementor-widget elementor-widget-text-editor\" data-id=\"fad2d09\" data-element_type=\"widget\" data-e-type=\"widget\" data-widget_type=\"text-editor.default\">\n\t\t\t\t<div class=\"elementor-widget-container\">\n\t\t\t\t\t\t\t\t\t<p>Vypl\u0148te pros\u00edm po\u017eadovan\u00e9 \u00fadaje, <br \/>ozveme se v\u00e1m zp\u011bt.<\/p>\t\t\t\t\t\t\t\t<\/div>\n\t\t\t\t<\/div>\n\t\t\t\t<div class=\"elementor-element elementor-element-64f3e58 elementor-widget elementor-widget-button\" data-id=\"64f3e58\" data-element_type=\"widget\" data-e-type=\"widget\" data-widget_type=\"button.default\">\n\t\t\t\t<div class=\"elementor-widget-container\">\n\t\t\t\t\t\t\t\t\t<div class=\"elementor-button-wrapper\">\n\t\t\t\t\t<a class=\"elementor-button elementor-button-link elementor-size-sm\" href=\"#dotaznik\">\n\t\t\t\t\t\t<span class=\"elementor-button-content-wrapper\">\n\t\t\t\t\t\t\t\t\t<span class=\"elementor-button-text\">Vyplnit dotazn\u00edk<\/span>\n\t\t\t\t\t<\/span>\n\t\t\t\t\t<\/a>\n\t\t\t\t<\/div>\n\t\t\t\t\t\t\t\t<\/div>\n\t\t\t\t<\/div>\n\t\t\t\t\t<\/div>\n\t\t\t\t<\/div>\n\t\t\t\t<\/div>\n\t\t\t\t\t<\/details>\n\t\t\t\t\t<\/div>\n\t\t\t\t\t\t<\/div>\n\t\t\t\t<\/div>\n\t\t<div class=\"elementor-element elementor-element-e2adeeb e-con-full e-flex e-con e-child\" data-id=\"e2adeeb\" data-element_type=\"container\" data-e-type=\"container\" id=\"dotaznik\" data-settings=\"{&quot;background_background&quot;:&quot;classic&quot;}\">\n\t\t\t\t<div class=\"elementor-element elementor-element-473bc49 elementor-widget elementor-widget-text-editor\" data-id=\"473bc49\" data-element_type=\"widget\" data-e-type=\"widget\" data-widget_type=\"text-editor.default\">\n\t\t\t\t<div class=\"elementor-widget-container\">\n\t\t\t\t\t\t\t\t\t<p>Chcete za\u010d\u00edt kari\u00e9ru u&nbsp;na\u0161\u00ed spole\u010dnosti?<\/p>\t\t\t\t\t\t\t\t<\/div>\n\t\t\t\t<\/div>\n\t\t\t\t<div class=\"elementor-element elementor-element-d9e0bef elementor-widget elementor-widget-text-editor\" data-id=\"d9e0bef\" data-element_type=\"widget\" data-e-type=\"widget\" data-widget_type=\"text-editor.default\">\n\t\t\t\t<div class=\"elementor-widget-container\">\n\t\t\t\t\t\t\t\t\t<p class=\"p1\">Vypl\u0148te pros\u00edm po\u017eadovan\u00e9 \u00fadaje, p\u0159ilo\u017ete CV a&nbsp;my se v\u00e1m ozveme zp\u011bt.<\/p>\t\t\t\t\t\t\t\t<\/div>\n\t\t\t\t<\/div>\n\t\t\t\t<div class=\"elementor-element elementor-element-43b9b9b elementor-button-align-stretch elementor-widget elementor-widget-form\" data-id=\"43b9b9b\" data-element_type=\"widget\" data-e-type=\"widget\" data-settings=\"{&quot;step_next_label&quot;:&quot;Next&quot;,&quot;step_previous_label&quot;:&quot;Previous&quot;,&quot;button_width&quot;:&quot;100&quot;,&quot;step_type&quot;:&quot;number_text&quot;,&quot;step_icon_shape&quot;:&quot;circle&quot;}\" data-widget_type=\"form.default\">\n\t\t\t\t<div class=\"elementor-widget-container\">\n\t\t\t\t\t\t\t<form class=\"elementor-form\" method=\"post\" id=\"kariera\" name=\"Kontakt\" aria-label=\"Kontakt\">\n\t\t\t<input type=\"hidden\" name=\"post_id\" value=\"62\"\/>\n\t\t\t<input type=\"hidden\" name=\"form_id\" value=\"43b9b9b\"\/>\n\t\t\t<input type=\"hidden\" name=\"referer_title\" value=\"Kari\u00e9ra | MontexBau \u2013 P\u0159idejte se k na\u0161emu stavebn\u00edmu t\u00fdmu\" \/>\n\n\t\t\t\t\t\t\t<input type=\"hidden\" name=\"queried_id\" value=\"62\"\/>\n\t\t\t\n\t\t\t<div class=\"elementor-form-fields-wrapper elementor-labels-\">\n\t\t\t\t\t\t\t\t<div class=\"elementor-field-type-text elementor-field-group elementor-column elementor-field-group-name elementor-col-50\">\n\t\t\t\t\t\t\t\t\t\t\t\t<label for=\"form-field-name\" class=\"elementor-field-label elementor-screen-only\">\n\t\t\t\t\t\t\t\tJm\u00e9no a&nbsp;p\u0159\u00edjmen\u00ed\t\t\t\t\t\t\t<\/label>\n\t\t\t\t\t\t\t\t\t\t\t\t\t\t<input size=\"1\" type=\"text\" name=\"form_fields[name]\" id=\"form-field-name\" class=\"elementor-field elementor-size-sm  elementor-field-textual\" placeholder=\"Jm\u00e9no a p\u0159\u00edjmen\u00ed\">\n\t\t\t\t\t\t\t\t\t\t\t<\/div>\n\t\t\t\t\t\t\t\t<div class=\"elementor-field-type-select elementor-field-group elementor-column elementor-field-group-position elementor-col-50\">\n\t\t\t\t\t\t\t\t\t\t\t\t<label for=\"form-field-position\" class=\"elementor-field-label elementor-screen-only\">\n\t\t\t\t\t\t\t\tPozice\t\t\t\t\t\t\t<\/label>\n\t\t\t\t\t\t\t\t<div class=\"elementor-field elementor-select-wrapper remove-before \">\n\t\t\t<div class=\"select-caret-down-wrapper\">\n\t\t\t\t<svg aria-hidden=\"true\" class=\"e-font-icon-svg e-eicon-caret-down\" viewBox=\"0 0 571.4 571.4\" xmlns=\"http:\/\/www.w3.org\/2000\/svg\"><path d=\"M571 393Q571 407 561 418L311 668Q300 679 286 679T261 668L11 418Q0 407 0 393T11 368 36 357H536Q550 357 561 368T571 393Z\"><\/path><\/svg>\t\t\t<\/div>\n\t\t\t<select name=\"form_fields[position]\" id=\"form-field-position\" class=\"elementor-field-textual elementor-size-sm\">\n\t\t\t\t\t\t\t\t\t<option value=\"default\">N\u00e1zev pozice<\/option>\n\t\t\t\t\t\t\t\t\t<option value=\"HR n\u00e1bor\u00e1\u0159\">HR n\u00e1bor\u00e1\u0159<\/option>\n\t\t\t\t\t\t\t\t\t<option value=\"Stavbyvedouc\u00ed\">Stavbyvedouc\u00ed<\/option>\n\t\t\t\t\t\t\t<\/select>\n\t\t<\/div>\n\t\t\t\t\t\t<\/div>\n\t\t\t\t\t\t\t\t<div class=\"elementor-field-type-email elementor-field-group elementor-column elementor-field-group-email elementor-col-50 elementor-field-required\">\n\t\t\t\t\t\t\t\t\t\t\t\t<label for=\"form-field-email\" class=\"elementor-field-label elementor-screen-only\">\n\t\t\t\t\t\t\t\tV\u00e1\u0161 e-mail*\t\t\t\t\t\t\t<\/label>\n\t\t\t\t\t\t\t\t\t\t\t\t\t\t<input size=\"1\" type=\"email\" name=\"form_fields[email]\" id=\"form-field-email\" class=\"elementor-field elementor-size-sm  elementor-field-textual\" placeholder=\"V\u00e1\u0161 e-mail*\" required=\"required\">\n\t\t\t\t\t\t\t\t\t\t\t<\/div>\n\t\t\t\t\t\t\t\t<div class=\"elementor-field-type-tel elementor-field-group elementor-column elementor-field-group-phone elementor-col-50\">\n\t\t\t\t\t\t\t\t\t\t\t\t<label for=\"form-field-phone\" class=\"elementor-field-label elementor-screen-only\">\n\t\t\t\t\t\t\t\tVa\u0161e telefonn\u00ed \u010d\u00edslo\t\t\t\t\t\t\t<\/label>\n\t\t\t\t\t\t\t\t<input size=\"1\" type=\"tel\" name=\"form_fields[phone]\" id=\"form-field-phone\" class=\"elementor-field elementor-size-sm  elementor-field-textual\" placeholder=\"Va\u0161e telefonn\u00ed \u010d\u00edslo\" pattern=\"[0-9()#&amp;+*-=.]+\" title=\"Only numbers and phone characters (#, -, *, etc) are accepted.\">\n\n\t\t\t\t\t\t<\/div>\n\t\t\t\t\t\t\t\t<div class=\"elementor-field-type-textarea elementor-field-group elementor-column elementor-field-group-message elementor-col-100\">\n\t\t\t\t\t\t\t\t\t\t\t\t<label for=\"form-field-message\" class=\"elementor-field-label elementor-screen-only\">\n\t\t\t\t\t\t\t\tVa\u0161e zpr\u00e1va\t\t\t\t\t\t\t<\/label>\n\t\t\t\t\t\t<textarea class=\"elementor-field-textual elementor-field  elementor-size-sm\" name=\"form_fields[message]\" id=\"form-field-message\" rows=\"7\" placeholder=\"Va\u0161e zpr\u00e1va\"><\/textarea>\t\t\t\t<\/div>\n\t\t\t\t\t\t\t\t<div class=\"elementor-field-type-upload elementor-field-group elementor-column elementor-field-group-file elementor-col-100\">\n\t\t\t\t\t\t\t\t\t\t\t\t<label for=\"form-field-file\" class=\"elementor-field-label elementor-screen-only\">\n\t\t\t\t\t\t\t\tNahr\u00e1t \u017eivotopis\t\t\t\t\t\t\t<\/label>\n\t\t\t\t\t\t\t\t<input type=\"file\" name=\"form_fields[file]\" id=\"form-field-file\" class=\"elementor-field elementor-size-sm  elementor-upload-field\" data-maxsize=\"10\" data-maxsize-message=\"This file exceeds the maximum allowed size.\">\n\n\t\t\t\t\t\t<\/div>\n\t\t\t\t\t\t\t\t<div class=\"elementor-field-type-html elementor-field-group elementor-column elementor-field-group-field_2b08cf3 elementor-col-100\">\n\t\t\t\t\t<style>\n#formularinfo, #formularinfo a {\nfont-size:12px;\nopacity: 0.75;\nline-height: 1.5em;\nmargin-bottom: 0;\n}\n#formularinfo a {\nopacity: 1;\n}\n<\/style>\n<p id=\"formularinfo\">Tato str\u00e1nka je chr\u00e1n\u011bna pomoc\u00ed reCAPTCHA a&nbsp;plat\u00ed na ni <a href=\"https:\/\/policies.google.com\/privacy\" target=\"_blank\" rel=\"noopener\">z\u00e1sady ochrany osobn\u00edch \u00fadaj\u016f<\/a> a&nbsp;<a href=\"https:\/\/policies.google.com\/terms\" target=\"_blank\" rel=\"noopener\">podm\u00ednky slu\u017eby Google<\/a>.\nOdesl\u00e1n\u00edm zpr\u00e1vy beru na v\u011bdom\u00ed <a href=\"\/cs\/ochrana-osobnich-udaju\/\">zpracov\u00e1n\u00ed osobn\u00edch \u00fadaj\u016f<\/a>.<\/p>\t\t\t\t<\/div>\n\t\t\t\t\t\t\t\t<div class=\"elementor-field-group elementor-column elementor-field-type-submit elementor-col-100 e-form__buttons\">\n\t\t\t\t\t<button class=\"elementor-button elementor-size-sm\" type=\"submit\">\n\t\t\t\t\t\t<span class=\"elementor-button-content-wrapper\">\n\t\t\t\t\t\t\t\t\t\t\t\t\t\t\t\t\t\t\t\t\t\t<span class=\"elementor-button-text\">Odeslat<\/span>\n\t\t\t\t\t\t\t\t\t\t\t\t\t<\/span>\n\t\t\t\t\t<\/button>\n\t\t\t\t<\/div>\n\t\t\t<\/div>\n\t\t<\/form>\n\t\t\t\t\t\t<\/div>\n\t\t\t\t<\/div>\n\t\t\t\t<\/div>\n\t\t<div class=\"elementor-element elementor-element-b4ce685 e-con-full e-flex elementor-invisible e-con e-child\" data-id=\"b4ce685\" data-element_type=\"container\" data-e-type=\"container\" data-settings=\"{&quot;background_background&quot;:&quot;classic&quot;,&quot;animation&quot;:&quot;zoomIn&quot;}\">\n\t\t<div class=\"elementor-element elementor-element-3d34959 e-con-full e-flex e-con e-child\" data-id=\"3d34959\" data-element_type=\"container\" data-e-type=\"container\">\n\t\t\t\t<div class=\"elementor-element elementor-element-d93d78a elementor-widget elementor-widget-heading\" data-id=\"d93d78a\" data-element_type=\"widget\" data-e-type=\"widget\" data-widget_type=\"heading.default\">\n\t\t\t\t<div class=\"elementor-widget-container\">\n\t\t\t\t\t<span class=\"elementor-heading-title elementor-size-default\">E-mail<\/span>\t\t\t\t<\/div>\n\t\t\t\t<\/div>\n\t\t\t\t<div class=\"elementor-element elementor-element-232f0f8 elementor-widget elementor-widget-text-editor\" data-id=\"232f0f8\" data-element_type=\"widget\" data-e-type=\"widget\" data-widget_type=\"text-editor.default\">\n\t\t\t\t<div class=\"elementor-widget-container\">\n\t\t\t\t\t\t\t\t\t<p><a href=\"mailto:info@montexbau.de\">info@montexbau.de<\/a><\/p>\t\t\t\t\t\t\t\t<\/div>\n\t\t\t\t<\/div>\n\t\t\t\t<div class=\"elementor-element elementor-element-5d87314 elementor-widget elementor-widget-heading\" data-id=\"5d87314\" data-element_type=\"widget\" data-e-type=\"widget\" data-widget_type=\"heading.default\">\n\t\t\t\t<div class=\"elementor-widget-container\">\n\t\t\t\t\t<span class=\"elementor-heading-title elementor-size-default\">Telefon<\/span>\t\t\t\t<\/div>\n\t\t\t\t<\/div>\n\t\t\t\t<div class=\"elementor-element elementor-element-1fe3ecc elementor-widget elementor-widget-text-editor\" data-id=\"1fe3ecc\" data-element_type=\"widget\" data-e-type=\"widget\" data-widget_type=\"text-editor.default\">\n\t\t\t\t<div class=\"elementor-widget-container\">\n\t\t\t\t\t\t\t\t\t<p><a href=\"tel:+420359901447\">+420&nbsp;359&nbsp;901&nbsp;447<\/a><\/p>\t\t\t\t\t\t\t\t<\/div>\n\t\t\t\t<\/div>\n\t\t\t\t<\/div>\n\t\t<div class=\"elementor-element elementor-element-c5eab90 e-con-full e-flex e-con e-child\" data-id=\"c5eab90\" data-element_type=\"container\" data-e-type=\"container\">\n\t\t\t\t<div class=\"elementor-element elementor-element-40a5793 elementor-widget elementor-widget-heading\" data-id=\"40a5793\" data-element_type=\"widget\" data-e-type=\"widget\" data-widget_type=\"heading.default\">\n\t\t\t\t<div class=\"elementor-widget-container\">\n\t\t\t\t\t<span class=\"elementor-heading-title elementor-size-default\">Adresa<\/span>\t\t\t\t<\/div>\n\t\t\t\t<\/div>\n\t\t\t\t<div class=\"elementor-element elementor-element-22de91a elementor-widget elementor-widget-text-editor\" data-id=\"22de91a\" data-element_type=\"widget\" data-e-type=\"widget\" data-widget_type=\"text-editor.default\">\n\t\t\t\t<div class=\"elementor-widget-container\">\n\t\t\t\t\t\t\t\t\t<p><a href=\"https:\/\/maps.app.goo.gl\/mRcojgUoyhEDBdj78\" target=\"_blank\" rel=\"noopener\">Karlovarsk\u00e1 151\/26, Hradi\u0161t\u011b, 350&nbsp;02 Cheb 2<\/a><\/p>\t\t\t\t\t\t\t\t<\/div>\n\t\t\t\t<\/div>\n\t\t\t\t<div class=\"elementor-element elementor-element-26d02d7 elementor-widget elementor-widget-heading\" data-id=\"26d02d7\" data-element_type=\"widget\" data-e-type=\"widget\" data-widget_type=\"heading.default\">\n\t\t\t\t<div class=\"elementor-widget-container\">\n\t\t\t\t\t<span class=\"elementor-heading-title elementor-size-default\">I\u010cO<\/span>\t\t\t\t<\/div>\n\t\t\t\t<\/div>\n\t\t\t\t<div class=\"elementor-element elementor-element-a30766b elementor-widget elementor-widget-text-editor\" data-id=\"a30766b\" data-element_type=\"widget\" data-e-type=\"widget\" data-widget_type=\"text-editor.default\">\n\t\t\t\t<div class=\"elementor-widget-container\">\n\t\t\t\t\t\t\t\t\t<p class=\"p1\">19449755<\/p>\t\t\t\t\t\t\t\t<\/div>\n\t\t\t\t<\/div>\n\t\t\t\t<\/div>\n\t\t\t\t<\/div>\n\t\t\t\t<\/div>\n\t\t\t\t\t<\/div>\n\t\t\t\t<\/div>\n\t\t\t\t<\/div>\n\t\t<div class=\"elementor-element elementor-element-9f41212 e-con-full e-flex e-con e-parent\" data-id=\"9f41212\" data-element_type=\"container\" data-e-type=\"container\">\n\t\t\t\t<div class=\"elementor-element elementor-element-11603c0 elementor-widget elementor-widget-html\" data-id=\"11603c0\" data-element_type=\"widget\" data-e-type=\"widget\" data-widget_type=\"html.default\">\n\t\t\t\t<div class=\"elementor-widget-container\">\n\t\t\t\t\t<iframe src=\"https:\/\/snazzymaps.com\/embed\/692716\" width=\"100%\" height=\"650px\" style=\"border:none;\"><\/iframe>\t\t\t\t<\/div>\n\t\t\t\t<\/div>\n\t\t\t\t<\/div>\n\t\t\t\t<\/div>\n\t\t","protected":false},"excerpt":{"rendered":"<p>Kari\u00e9ra Sta\u0148te se sou\u010d\u00e1st\u00ed na\u0161eho t\u00fdmu! Na\u0161e stavebn\u00ed spole\u010dnost neust\u00e1le roste a&nbsp;pro realizaci nov\u00fdch a&nbsp;ambici\u00f3zn\u00edch projekt\u016f hled\u00e1me nad\u0161en\u00e9 a&nbsp;talentovan\u00e9 profesion\u00e1ly. Pokud tou\u017e\u00edte po&nbsp;stabiln\u00ed pr\u00e1ci v&nbsp;p\u0159\u00e1telsk\u00e9m a&nbsp;podporuj\u00edc\u00edm prost\u0159ed\u00ed, p\u0159idejte se k&nbsp;n\u00e1m! HR n\u00e1bor\u00e1\u0159 Jste komunikativn\u00ed a&nbsp;temperamentn\u00ed osobnost, kter\u00e1 se neboj\u00ed v\u00fdzev? Hled\u00e1me HR n\u00e1bor\u00e1\u0159e s&nbsp;prokazateln\u00fdmi zku\u0161enostmi v&nbsp;oboru, kter\u00fd zvl\u00e1dne pracovat ve svi\u017en\u00e9m tempu a&nbsp;nezalekne se v\u00fdzev. [&hellip;]<\/p>\n","protected":false},"author":1,"featured_media":0,"parent":0,"menu_order":0,"comment_status":"closed","ping_status":"closed","template":"","meta":{"_acf_changed":false,"footnotes":""},"class_list":["post-62","page","type-page","status-publish","hentry"],"acf":[],"_links":{"self":[{"href":"https:\/\/www.montexbau.eu\/cs\/wp-json\/wp\/v2\/pages\/62","targetHints":{"allow":["GET"]}}],"collection":[{"href":"https:\/\/www.montexbau.eu\/cs\/wp-json\/wp\/v2\/pages"}],"about":[{"href":"https:\/\/www.montexbau.eu\/cs\/wp-json\/wp\/v2\/types\/page"}],"author":[{"embeddable":true,"href":"https:\/\/www.montexbau.eu\/cs\/wp-json\/wp\/v2\/users\/1"}],"replies":[{"embeddable":true,"href":"https:\/\/www.montexbau.eu\/cs\/wp-json\/wp\/v2\/comments?post=62"}],"version-history":[{"count":10,"href":"https:\/\/www.montexbau.eu\/cs\/wp-json\/wp\/v2\/pages\/62\/revisions"}],"predecessor-version":[{"id":2661,"href":"https:\/\/www.montexbau.eu\/cs\/wp-json\/wp\/v2\/pages\/62\/revisions\/2661"}],"wp:attachment":[{"href":"https:\/\/www.montexbau.eu\/cs\/wp-json\/wp\/v2\/media?parent=62"}],"curies":[{"name":"wp","href":"https:\/\/api.w.org\/{rel}","templated":true}]}}