{"id":2300,"date":"2025-02-13T16:00:41","date_gmt":"2025-02-13T15:00:41","guid":{"rendered":"https:\/\/www.montexbau.eu\/zasady-ochrany-osobnich-udaju\/"},"modified":"2025-05-26T11:49:35","modified_gmt":"2025-05-26T09:49:35","slug":"privatlivspolitik","status":"publish","type":"page","link":"https:\/\/www.montexbau.eu\/da\/privatlivspolitik\/","title":{"rendered":"Privatlivspolitik"},"content":{"rendered":"\t\t<div data-elementor-type=\"wp-page\" data-elementor-id=\"2300\" class=\"elementor elementor-2300 elementor-3\" data-elementor-post-type=\"page\">\n\t\t\t\t<div class=\"elementor-element elementor-element-304b077 e-flex e-con-boxed e-con e-parent\" data-id=\"304b077\" data-element_type=\"container\" data-e-type=\"container\" data-settings=\"{&quot;background_background&quot;:&quot;classic&quot;}\">\n\t\t\t\t\t<div class=\"e-con-inner\">\n\t\t<div class=\"elementor-element elementor-element-0518555 e-grid e-con-boxed e-con e-child\" data-id=\"0518555\" data-element_type=\"container\" data-e-type=\"container\">\n\t\t\t\t\t<div class=\"e-con-inner\">\n\t\t\t\t<div class=\"elementor-element elementor-element-9cb37a0 elementor-widget elementor-widget-text-editor\" data-id=\"9cb37a0\" data-element_type=\"widget\" data-e-type=\"widget\" data-widget_type=\"text-editor.default\">\n\t\t\t\t<div class=\"elementor-widget-container\">\n\t\t\t\t\t\t\t\t\t<p data-start=\"29\" data-end=\"87\"><strong data-start=\"29\" data-end=\"87\">Samtykke til behandling af personoplysninger gives af:<\/strong><\/p>\n<p><\/p>\n<p data-start=\"89\" data-end=\"250\"><strong data-start=\"89\" data-end=\"98\">Enhed<\/strong>: MontexBau s.r.o.<br data-start=\"116\" data-end=\"119\" \/><strong data-start=\"119\" data-end=\"130\">Adresse<\/strong>: Chebsk\u00e1 38\/5, Dvory, 360&nbsp;06 Karlovy Vary<br data-start=\"172\" data-end=\"175\" data-is-only-node=\"\" \/><strong data-start=\"175\" data-end=\"182\">CVR<\/strong>: 19449755<br data-start=\"192\" data-end=\"195\" \/><strong data-start=\"195\" data-end=\"211\">Jurisdiktion<\/strong>: Selskab med begr\u00e6nset ansvar (s.r.o.)<\/p>\n<p><\/p>\n<p data-start=\"252\" data-end=\"447\" data-is-last-node=\"\" data-is-only-node=\"\">s\u00e5 det i&nbsp;overensstemmelse med lovgivningen om beskyttelse af personoplysninger og GDPR-forordningen kan behandle personoplysninger som dataansvarlig i&nbsp;henhold til de nedenfor anf\u00f8rte betingelser.<\/p>\n\t\t\t\t\t\t\t\t<\/div>\n\t\t\t\t<\/div>\n\t\t\t\t<div class=\"elementor-element elementor-element-7c1e81c elementor-widget elementor-widget-text-editor\" data-id=\"7c1e81c\" data-element_type=\"widget\" data-e-type=\"widget\" data-widget_type=\"text-editor.default\">\n\t\t\t\t<div class=\"elementor-widget-container\">\n\t\t\t\t\t\t\t\t\t<p data-start=\"29\" data-end=\"527\"><strong data-start=\"29\" data-end=\"527\">Ved h\u00e5ndtering af personoplysninger f\u00f8lger vi den tjekkiske lovgivning og de direkte anvendelige bestemmelser fra Den Europ\u00e6iske Union, is\u00e6r lov nr. 110\/2019 Coll. om behandling af personoplysninger, som \u00e6ndret, lov nr. 480\/2004 Coll. og i&nbsp;overensstemmelse med artikel 13 i&nbsp;Europa-Parlamentets og R\u00e5dets Forordning (EU) nr. 2016\/679 af 27.&nbsp;april 2016, den generelle forordning om beskyttelse af personoplysninger, om visse tjenester i&nbsp;informationssamfundet og \u00e6ndring af visse love, som \u00e6ndret.<\/strong><\/p><br><p data-start=\"529\" data-end=\"770\" data-is-last-node=\"\" data-is-only-node=\"\">I de f\u00f8lgende afsnit vil vi forklare, hvordan og med hvilket form\u00e5l vi behandler dine personoplysninger, samt hvem der kan v\u00e6re deres databehandlere. Disse oplysninger er vigtige, og vi h\u00e5ber, at du tager dig tid til omhyggeligt at l\u00e6se dem.<\/p>\t\t\t\t\t\t\t\t<\/div>\n\t\t\t\t<\/div>\n\t\t\t\t\t<\/div>\n\t\t\t\t<\/div>\n\t\t\t\t<div class=\"elementor-element elementor-element-b86052b elementor-widget elementor-widget-text-editor\" data-id=\"b86052b\" data-element_type=\"widget\" data-e-type=\"widget\" data-widget_type=\"text-editor.default\">\n\t\t\t\t<div class=\"elementor-widget-container\">\n\t\t\t\t\t\t\t\t\t<h3>Hvilke oplysninger behandler vi som dataansvarlige?<\/h3>\n<p>Udfyldelse af formular<\/p>\n<ul>\n<li>Navn og efternavn<\/li>\n<li>Telefonnummer<\/li>\n<li>E-mailadresse<\/li>\n<\/ul>\n<p><\/p>\n<h3>Hvorn\u00e5r er det ikke n\u00f8dvendigt at give samtykke til behandling af personoplysninger?<\/h3>\n<p>Vi kan behandle personoplysninger uden dit samtykke kun til f\u00f8lgende form\u00e5l:<\/p>\n<ul>\n<li>Opfyldelse af en kontrakt, hvis genstand er levering af en tjeneste eller et produkt<\/li>\n<li>Opfyldelse af lovbestemte forpligtelser, der p\u00e5hviler os if\u00f8lge g\u00e6ldende lovgivning<\/li>\n<li>Behandling baseret p\u00e5 legitim interesse (f.eks. direkte markedsf\u00f8ring, sikkerhed og livsbeskyttelse)<\/li>\n<\/ul>\n<p><\/p>\n<h3>Hvilket form\u00e5l administrerer vi personoplysningerne og hvor l\u00e6nge?<\/h3>\n<p>Oplysningerne kan bruges til forretnings- og markedsf\u00f8ringsform\u00e5l, dvs. til at opretholde en database over webstedets brugere og til at tilbyde varer og tjenester, og det i&nbsp;en periode, der svarer til den retlige grund til denne type behandling og brug af personlige og andre oplysninger. Med andre ord indsamler vi dine personoplysninger for at give dig mulighed for at bruge vores tjenester og informere dig om nyheder. L\u00e6s mere om, hvilket form\u00e5l vi administrerer hver oplysning baseret p\u00e5, hvor de blev indtastet.<\/p>\n<p><strong data-start=\"1195\" data-end=\"1223\">Udfyldelse af formular \u2013<\/strong> Personoplysninger, der indtastes i&nbsp;formularen, behandles med det form\u00e5l at opfylde kontrakten, dvs. levering af varer eller levering af tjenester. Vi kan ogs\u00e5 behandle disse oplysninger for at opfylde vores lovbestemte forpligtelser (is\u00e6r opbevaringsforpligtelser, arkivering af skattedokumenter, etc.) og for at beskytte vores juridiske krav.<\/p>\n<p><strong data-start=\"1569\" data-end=\"1611\">Identifikations- og adresseoplysninger<\/strong> kan bruges i&nbsp;overensstemmelse med s\u00e5kaldt legitim interesse til at udarbejde interne statistikker. Anonymiserede udtr\u00e6k fra disse statistikker bruges til at forbedre vores tjenester, herunder analyse af brugeradf\u00e6rd og markedsf\u00f8ring.<\/p>\n<p data-start=\"1847\" data-end=\"2424\"><strong data-start=\"1847\" data-end=\"1890\">Personoplysninger indsamlet via cookies<\/strong> behandles p\u00e5 baggrund af dit samtykke (som du kan give ved at bekr\u00e6fte p\u00e5 webgr\u00e6nsefladen, efter at du er blevet informeret om brugen af cookies og haft mulighed for at s\u00e6tte dig ind i&nbsp;disse politikker). Personoplysninger indsamlet via cookies kan vi ogs\u00e5 behandle, hvis du forts\u00e6tter med at bruge webgr\u00e6nsefladen, efter at du er blevet informeret om behandlingen af disse personoplysninger. Personoplysninger indsamlet via cookies bruges til at yde brugersupport, forbedre vores tjenester og analysere brugeradf\u00e6rd og markedsf\u00f8ring.<\/p>\n<p><\/p>\n<p data-start=\"2426\" data-end=\"2726\">Alle de personoplysninger, der gives til de ovenst\u00e5ende form\u00e5l, gives frivilligt, og samtykket gives ved aktiv interaktion (afkrydsning af boksen) for samtykke til behandlingen af dem eller baseret p\u00e5 legitim interesse. Behandlingen af disse oplysninger kan til enhver tid tr\u00e6kkes tilbage via e-mail.<\/p>\n<h3>Hvilke rettigheder har jeg i&nbsp;relation til beskyttelse af personoplysninger?<\/h3>\n<p><\/p>\n<ul>\n<li>Kr\u00e6ve information om, hvilke personoplysninger vi behandler om dig<\/li>\n<li>Kr\u00e6ve en forklaring om behandlingen af personoplysninger<\/li>\n<li>Anmode om adgang til disse oplysninger og f\u00e5 dem opdateret eller rettet<\/li>\n<li>Kr\u00e6ve sletning af disse personoplysninger<\/li>\n<li>Kr\u00e6ve overf\u00f8rsel af oplysninger<\/li>\n<li>Retten til at blive informeret om brud p\u00e5 sikkerheden af personoplysninger i&nbsp;visse tilf\u00e6lde<\/li>\n<\/ul>\n<p>Du kan til enhver tid indsende en klage vedr\u00f8rende behandlingen af dine personoplysninger eller manglende overholdelse af forvalterens forpligtelser if\u00f8lge GDPR til tilsynsmyndigheden. Tilsynsmyndigheden i&nbsp;Danmark er Datatilsynet, med adresse Borgergade 28, 5., 1300 K\u00f8benhavn K, <a href=\"http:\/\/www.datatilsynet.dk\" target=\"_blank\" rel=\"noopener\">www.datatilsynet.dk.<\/a><\/p>\n<h3>Opdatering af persondatapolitik<\/h3>\n<p><\/p>\n<p data-start=\"3523\" data-end=\"3669\">Vi kan l\u00f8bende opdatere eller \u00e6ndre vores persondatapolitik. Enhver \u00e6ndring af denne politik tr\u00e6der i&nbsp;kraft, n\u00e5r den offentligg\u00f8res p\u00e5 denne side.<\/p>\n<p><\/p>\n<p data-start=\"3671\" data-end=\"3724\" data-is-last-node=\"\" data-is-only-node=\"\">Disse betingelser tr\u00e6der i&nbsp;kraft den 01.&nbsp;januar 2025.<\/p>\n\t\t\t\t\t\t\t\t<\/div>\n\t\t\t\t<\/div>\n\t\t\t\t\t<\/div>\n\t\t\t\t<\/div>\n\t\t\t\t<\/div>\n\t\t","protected":false},"excerpt":{"rendered":"<p>Samtykke til behandling af personoplysninger gives af: Enhed: MontexBau s.r.o.Adresse: Chebsk\u00e1 38\/5, Dvory, 360&nbsp;06 Karlovy VaryCVR: 19449755Jurisdiktion: Selskab med begr\u00e6nset ansvar (s.r.o.) s\u00e5 det i&nbsp;overensstemmelse med lovgivningen om beskyttelse af personoplysninger og GDPR-forordningen kan behandle personoplysninger som dataansvarlig i&nbsp;henhold til de nedenfor anf\u00f8rte betingelser. Ved h\u00e5ndtering af personoplysninger f\u00f8lger vi den tjekkiske lovgivning og de [&hellip;]<\/p>\n","protected":false},"author":1,"featured_media":0,"parent":0,"menu_order":0,"comment_status":"closed","ping_status":"closed","template":"","meta":{"_acf_changed":false,"footnotes":""},"class_list":["post-2300","page","type-page","status-publish","hentry"],"acf":[],"_links":{"self":[{"href":"https:\/\/www.montexbau.eu\/da\/wp-json\/wp\/v2\/pages\/2300","targetHints":{"allow":["GET"]}}],"collection":[{"href":"https:\/\/www.montexbau.eu\/da\/wp-json\/wp\/v2\/pages"}],"about":[{"href":"https:\/\/www.montexbau.eu\/da\/wp-json\/wp\/v2\/types\/page"}],"author":[{"embeddable":true,"href":"https:\/\/www.montexbau.eu\/da\/wp-json\/wp\/v2\/users\/1"}],"replies":[{"embeddable":true,"href":"https:\/\/www.montexbau.eu\/da\/wp-json\/wp\/v2\/comments?post=2300"}],"version-history":[{"count":3,"href":"https:\/\/www.montexbau.eu\/da\/wp-json\/wp\/v2\/pages\/2300\/revisions"}],"predecessor-version":[{"id":2386,"href":"https:\/\/www.montexbau.eu\/da\/wp-json\/wp\/v2\/pages\/2300\/revisions\/2386"}],"wp:attachment":[{"href":"https:\/\/www.montexbau.eu\/da\/wp-json\/wp\/v2\/media?parent=2300"}],"curies":[{"name":"wp","href":"https:\/\/api.w.org\/{rel}","templated":true}]}}